{"id":6,"date":"2022-08-01T17:28:24","date_gmt":"2022-08-01T20:28:24","guid":{"rendered":"http:\/\/localhost\/study\/?page_id=6"},"modified":"2022-08-15T11:22:22","modified_gmt":"2022-08-15T14:22:22","slug":"home","status":"publish","type":"page","link":"https:\/\/www.espacostudybox.com.br\/lp\/","title":{"rendered":"Home"},"content":{"rendered":"\n<h1 class=\"wp-block-heading\"><strong>Cabines individuais de estudos <br>24 horas em \u00c1guas Claras<\/strong><\/h1>\n\n\n\n<h2 class=\"wp-block-heading\">Tenha acesso a um espa\u00e7o adaptado para que voc\u00ea possa estudar para <br>concursos p\u00fablicos, vestibulares, exames da Ordem, provas de resid\u00eancia <br>m\u00e9dica ou para qualquer outro objetivo de estudo, proporcionando a voc\u00ea <br>foco, tranquilidade e sil\u00eancio.<\/h2>\n","protected":false},"excerpt":{"rendered":"<p>Cabines individuais de estudos 24 horas em \u00c1guas Claras Tenha acesso a um espa\u00e7o adaptado para que voc\u00ea possa estudar para concursos p\u00fablicos, vestibulares, exames da Ordem, provas de resid\u00eancia m\u00e9dica ou para qualquer outro objetivo de estudo, proporcionando a voc\u00ea foco, tranquilidade e sil\u00eancio.<\/p>\n","protected":false},"author":6,"featured_media":0,"parent":0,"menu_order":0,"comment_status":"closed","ping_status":"closed","template":"landing-page.php","meta":{"inline_featured_image":false,"_joinchat":[],"footnotes":""},"class_list":["post-6","page","type-page","status-publish","hentry"],"acf":[],"_links":{"self":[{"href":"https:\/\/www.espacostudybox.com.br\/lp\/wp-json\/wp\/v2\/pages\/6","targetHints":{"allow":["GET"]}}],"collection":[{"href":"https:\/\/www.espacostudybox.com.br\/lp\/wp-json\/wp\/v2\/pages"}],"about":[{"href":"https:\/\/www.espacostudybox.com.br\/lp\/wp-json\/wp\/v2\/types\/page"}],"author":[{"embeddable":true,"href":"https:\/\/www.espacostudybox.com.br\/lp\/wp-json\/wp\/v2\/users\/6"}],"replies":[{"embeddable":true,"href":"https:\/\/www.espacostudybox.com.br\/lp\/wp-json\/wp\/v2\/comments?post=6"}],"version-history":[{"count":17,"href":"https:\/\/www.espacostudybox.com.br\/lp\/wp-json\/wp\/v2\/pages\/6\/revisions"}],"predecessor-version":[{"id":133,"href":"https:\/\/www.espacostudybox.com.br\/lp\/wp-json\/wp\/v2\/pages\/6\/revisions\/133"}],"wp:attachment":[{"href":"https:\/\/www.espacostudybox.com.br\/lp\/wp-json\/wp\/v2\/media?parent=6"}],"curies":[{"name":"wp","href":"https:\/\/api.w.org\/{rel}","templated":true}]}}